{"id":113,"date":"2025-04-21T13:19:45","date_gmt":"2025-04-21T11:19:45","guid":{"rendered":"https:\/\/magicaromagna.it\/?page_id=113"},"modified":"2025-04-22T16:30:27","modified_gmt":"2025-04-22T14:30:27","slug":"werekiwi-productions","status":"publish","type":"page","link":"https:\/\/magicaromagna.it\/index.php\/werekiwi-productions\/","title":{"rendered":"Werekiwi productions"},"content":{"rendered":"\n<blockquote class=\"wp-block-quote is-layout-flow wp-block-quote-is-layout-flow\">\n<p><strong>Artisciocca<\/strong>, l\u2019artista che ha fondato Werekiwi Productions, descrive le sue splendide opere come il frutto di autentici voli di fantasia su carta.<\/p>\n\n\n\n<p>I temi pi\u00f9 presenti nella nuova produzione 2019\/2020 sono legati al mondo acquatico contrapposto a quello che, di riflesso, abita la terra ferma.<\/p>\n\n\n\n<p>A volte questi voli sembrano seguire percorsi diversi, altre volte i punti di contatto danno origine a piccole baruffe che terminano, inevitabilmente, con un gesto di riconciliazione nella consapevoleazza che \u00e8 molto pi\u00f9 gratificante fare pace e riderci sopra.<\/p>\n\n\n\n<p>Cos\u00ec le evoluzioni di Salda, i pesci in conserva che non sanno di esserlo, il re del nulla che si guarda intorno stupito, Incognito riconosciuto da tutti, il ritorno del tonno Tino da chiss\u00e0 quale avventura oppure la sirena arlecchino che continua a fluttuare verso rive sempre pi\u00f9 lontane, sono solo alcuni esempi di una creativit\u00e0 che non conosce confini\u2026<\/p>\n<\/blockquote>\n\n\n\n<figure class=\"wp-block-gallery has-nested-images columns-default is-cropped wp-block-gallery-1 is-layout-flex wp-block-gallery-is-layout-flex\">\n<figure class=\"wp-block-image size-large\"><img loading=\"lazy\" decoding=\"async\" width=\"640\" height=\"640\" data-id=\"103\" src=\"https:\/\/magicaromagna.it\/wp-content\/uploads\/2025\/04\/salda.jpg\" alt=\"\" class=\"wp-image-103\" srcset=\"https:\/\/magicaromagna.it\/wp-content\/uploads\/2025\/04\/salda.jpg 640w, https:\/\/magicaromagna.it\/wp-content\/uploads\/2025\/04\/salda-300x300.jpg 300w, https:\/\/magicaromagna.it\/wp-content\/uploads\/2025\/04\/salda-150x150.jpg 150w\" sizes=\"auto, (max-width: 640px) 100vw, 640px\" \/><\/figure>\n\n\n\n<figure class=\"wp-block-image size-large\"><img loading=\"lazy\" decoding=\"async\" width=\"640\" height=\"640\" data-id=\"107\" src=\"https:\/\/magicaromagna.it\/wp-content\/uploads\/2025\/04\/two_fishes.jpg\" alt=\"\" class=\"wp-image-107\" srcset=\"https:\/\/magicaromagna.it\/wp-content\/uploads\/2025\/04\/two_fishes.jpg 640w, https:\/\/magicaromagna.it\/wp-content\/uploads\/2025\/04\/two_fishes-300x300.jpg 300w, https:\/\/magicaromagna.it\/wp-content\/uploads\/2025\/04\/two_fishes-150x150.jpg 150w\" sizes=\"auto, (max-width: 640px) 100vw, 640px\" \/><\/figure>\n\n\n\n<figure class=\"wp-block-image size-large\"><img loading=\"lazy\" decoding=\"async\" width=\"640\" height=\"640\" data-id=\"106\" src=\"https:\/\/magicaromagna.it\/wp-content\/uploads\/2025\/04\/Tonno.jpg\" alt=\"\" class=\"wp-image-106\" srcset=\"https:\/\/magicaromagna.it\/wp-content\/uploads\/2025\/04\/Tonno.jpg 640w, https:\/\/magicaromagna.it\/wp-content\/uploads\/2025\/04\/Tonno-300x300.jpg 300w, https:\/\/magicaromagna.it\/wp-content\/uploads\/2025\/04\/Tonno-150x150.jpg 150w\" sizes=\"auto, (max-width: 640px) 100vw, 640px\" \/><\/figure>\n\n\n\n<figure class=\"wp-block-image size-large\"><img loading=\"lazy\" decoding=\"async\" width=\"640\" height=\"640\" data-id=\"98\" src=\"https:\/\/magicaromagna.it\/wp-content\/uploads\/2025\/04\/Pesce-razzo.jpg\" alt=\"\" class=\"wp-image-98\" srcset=\"https:\/\/magicaromagna.it\/wp-content\/uploads\/2025\/04\/Pesce-razzo.jpg 640w, https:\/\/magicaromagna.it\/wp-content\/uploads\/2025\/04\/Pesce-razzo-300x300.jpg 300w, https:\/\/magicaromagna.it\/wp-content\/uploads\/2025\/04\/Pesce-razzo-150x150.jpg 150w\" sizes=\"auto, (max-width: 640px) 100vw, 640px\" \/><\/figure>\n\n\n\n<figure class=\"wp-block-image size-large\"><img loading=\"lazy\" decoding=\"async\" width=\"640\" height=\"640\" data-id=\"95\" src=\"https:\/\/magicaromagna.it\/wp-content\/uploads\/2025\/04\/miniaturini.jpg\" alt=\"\" class=\"wp-image-95\" srcset=\"https:\/\/magicaromagna.it\/wp-content\/uploads\/2025\/04\/miniaturini.jpg 640w, https:\/\/magicaromagna.it\/wp-content\/uploads\/2025\/04\/miniaturini-300x300.jpg 300w, https:\/\/magicaromagna.it\/wp-content\/uploads\/2025\/04\/miniaturini-150x150.jpg 150w\" sizes=\"auto, (max-width: 640px) 100vw, 640px\" \/><\/figure>\n\n\n\n<figure class=\"wp-block-image size-large\"><img loading=\"lazy\" decoding=\"async\" width=\"640\" height=\"640\" data-id=\"96\" src=\"https:\/\/magicaromagna.it\/wp-content\/uploads\/2025\/04\/mum_son.jpg\" alt=\"\" class=\"wp-image-96\" srcset=\"https:\/\/magicaromagna.it\/wp-content\/uploads\/2025\/04\/mum_son.jpg 640w, https:\/\/magicaromagna.it\/wp-content\/uploads\/2025\/04\/mum_son-300x300.jpg 300w, https:\/\/magicaromagna.it\/wp-content\/uploads\/2025\/04\/mum_son-150x150.jpg 150w\" sizes=\"auto, (max-width: 640px) 100vw, 640px\" \/><\/figure>\n\n\n\n<figure class=\"wp-block-image size-large\"><img loading=\"lazy\" decoding=\"async\" width=\"640\" height=\"640\" data-id=\"74\" src=\"https:\/\/magicaromagna.it\/wp-content\/uploads\/2025\/04\/dont_be_a_stranger.jpg\" alt=\"\" class=\"wp-image-74\" srcset=\"https:\/\/magicaromagna.it\/wp-content\/uploads\/2025\/04\/dont_be_a_stranger.jpg 640w, https:\/\/magicaromagna.it\/wp-content\/uploads\/2025\/04\/dont_be_a_stranger-300x300.jpg 300w, https:\/\/magicaromagna.it\/wp-content\/uploads\/2025\/04\/dont_be_a_stranger-150x150.jpg 150w\" sizes=\"auto, (max-width: 640px) 100vw, 640px\" \/><\/figure>\n\n\n\n<figure class=\"wp-block-image size-large\"><img loading=\"lazy\" decoding=\"async\" width=\"640\" height=\"640\" data-id=\"71\" src=\"https:\/\/magicaromagna.it\/wp-content\/uploads\/2025\/04\/alda.jpg\" alt=\"\" class=\"wp-image-71\" srcset=\"https:\/\/magicaromagna.it\/wp-content\/uploads\/2025\/04\/alda.jpg 640w, https:\/\/magicaromagna.it\/wp-content\/uploads\/2025\/04\/alda-300x300.jpg 300w, https:\/\/magicaromagna.it\/wp-content\/uploads\/2025\/04\/alda-150x150.jpg 150w\" sizes=\"auto, (max-width: 640px) 100vw, 640px\" \/><\/figure>\n\n\n\n<figure class=\"wp-block-image size-large\"><img loading=\"lazy\" decoding=\"async\" width=\"640\" height=\"640\" data-id=\"75\" src=\"https:\/\/magicaromagna.it\/wp-content\/uploads\/2025\/04\/fish_fish.jpg\" alt=\"\" class=\"wp-image-75\" srcset=\"https:\/\/magicaromagna.it\/wp-content\/uploads\/2025\/04\/fish_fish.jpg 640w, https:\/\/magicaromagna.it\/wp-content\/uploads\/2025\/04\/fish_fish-300x300.jpg 300w, https:\/\/magicaromagna.it\/wp-content\/uploads\/2025\/04\/fish_fish-150x150.jpg 150w\" sizes=\"auto, (max-width: 640px) 100vw, 640px\" \/><\/figure>\n\n\n\n<figure class=\"wp-block-image size-large\"><img loading=\"lazy\" decoding=\"async\" width=\"748\" height=\"748\" data-id=\"76\" src=\"https:\/\/magicaromagna.it\/wp-content\/uploads\/2025\/04\/flockers.jpg\" alt=\"\" class=\"wp-image-76\" srcset=\"https:\/\/magicaromagna.it\/wp-content\/uploads\/2025\/04\/flockers.jpg 748w, https:\/\/magicaromagna.it\/wp-content\/uploads\/2025\/04\/flockers-300x300.jpg 300w, https:\/\/magicaromagna.it\/wp-content\/uploads\/2025\/04\/flockers-150x150.jpg 150w\" sizes=\"auto, (max-width: 748px) 100vw, 748px\" \/><\/figure>\n<\/figure>\n\n\n\n<div class=\"wp-block-columns is-layout-flex wp-container-core-columns-is-layout-9d6595d7 wp-block-columns-is-layout-flex\">\n<div class=\"wp-block-column is-layout-flow wp-block-column-is-layout-flow\">\n<blockquote class=\"wp-block-quote is-layout-flow wp-block-quote-is-layout-flow\">\n<p>It is when the paper swells with all the water and curles and starts speaking that you know exactly when you have to stop interfering and let colour do the talking.<\/p>\n\n\n\n<p><sub>Ad un certo punto la carta si gonfia con tutta l\u2019acqua e si arriccia e si inonda e tu sai esattamente quando devi smettere di interferire e lasciare che il colore parli<\/sub><\/p>\n<\/blockquote>\n<\/div>\n\n\n\n<div class=\"wp-block-column is-layout-flow wp-block-column-is-layout-flow\">\n<blockquote class=\"wp-block-quote is-layout-flow wp-block-quote-is-layout-flow\">\n<p>Dreamy Salda let the waves lull her away and in the blink of an eye she was gone<\/p>\n\n\n\n<p><\/p>\n\n\n\n<p><sub>La sognante Salda si faceva cullare dalle onde lontano lontano e in un batter d\u2019occhio era gi\u00e0 sparita<\/sub><\/p>\n<\/blockquote>\n<\/div>\n\n\n\n<div class=\"wp-block-column is-layout-flow wp-block-column-is-layout-flow\">\n<blockquote class=\"wp-block-quote is-layout-flow wp-block-quote-is-layout-flow\">\n<p>And then, out of the blue, Tino tuna went for a swim to MIlano Marittima, such a poser<\/p>\n\n\n\n<p><\/p>\n\n\n\n<p><sub>E una sera Tonno Tino decise di farsi una nuotata per posare senza ritegno al Vialetto degli Artisti<\/sub><\/p>\n<\/blockquote>\n<\/div>\n<\/div>\n\n\n\n<p class=\"has-text-align-center\">per maggiori informazioni:<\/p>\n\n\n\n<ul class=\"wp-block-social-links aligncenter is-style-logos-only is-layout-flex wp-block-social-links-is-layout-flex\"><li class=\"wp-social-link wp-social-link-instagram  wp-block-social-link\"><a href=\"https:\/\/www.instagram.com\/artisciocca\" class=\"wp-block-social-link-anchor\"><svg width=\"24\" height=\"24\" viewBox=\"0 0 24 24\" version=\"1.1\" xmlns=\"http:\/\/www.w3.org\/2000\/svg\" aria-hidden=\"true\" focusable=\"false\"><path d=\"M12,4.622c2.403,0,2.688,0.009,3.637,0.052c0.877,0.04,1.354,0.187,1.671,0.31c0.42,0.163,0.72,0.358,1.035,0.673 c0.315,0.315,0.51,0.615,0.673,1.035c0.123,0.317,0.27,0.794,0.31,1.671c0.043,0.949,0.052,1.234,0.052,3.637 s-0.009,2.688-0.052,3.637c-0.04,0.877-0.187,1.354-0.31,1.671c-0.163,0.42-0.358,0.72-0.673,1.035 c-0.315,0.315-0.615,0.51-1.035,0.673c-0.317,0.123-0.794,0.27-1.671,0.31c-0.949,0.043-1.233,0.052-3.637,0.052 s-2.688-0.009-3.637-0.052c-0.877-0.04-1.354-0.187-1.671-0.31c-0.42-0.163-0.72-0.358-1.035-0.673 c-0.315-0.315-0.51-0.615-0.673-1.035c-0.123-0.317-0.27-0.794-0.31-1.671C4.631,14.688,4.622,14.403,4.622,12 s0.009-2.688,0.052-3.637c0.04-0.877,0.187-1.354,0.31-1.671c0.163-0.42,0.358-0.72,0.673-1.035 c0.315-0.315,0.615-0.51,1.035-0.673c0.317-0.123,0.794-0.27,1.671-0.31C9.312,4.631,9.597,4.622,12,4.622 M12,3 C9.556,3,9.249,3.01,8.289,3.054C7.331,3.098,6.677,3.25,6.105,3.472C5.513,3.702,5.011,4.01,4.511,4.511 c-0.5,0.5-0.808,1.002-1.038,1.594C3.25,6.677,3.098,7.331,3.054,8.289C3.01,9.249,3,9.556,3,12c0,2.444,0.01,2.751,0.054,3.711 c0.044,0.958,0.196,1.612,0.418,2.185c0.23,0.592,0.538,1.094,1.038,1.594c0.5,0.5,1.002,0.808,1.594,1.038 c0.572,0.222,1.227,0.375,2.185,0.418C9.249,20.99,9.556,21,12,21s2.751-0.01,3.711-0.054c0.958-0.044,1.612-0.196,2.185-0.418 c0.592-0.23,1.094-0.538,1.594-1.038c0.5-0.5,0.808-1.002,1.038-1.594c0.222-0.572,0.375-1.227,0.418-2.185 C20.99,14.751,21,14.444,21,12s-0.01-2.751-0.054-3.711c-0.044-0.958-0.196-1.612-0.418-2.185c-0.23-0.592-0.538-1.094-1.038-1.594 c-0.5-0.5-1.002-0.808-1.594-1.038c-0.572-0.222-1.227-0.375-2.185-0.418C14.751,3.01,14.444,3,12,3L12,3z M12,7.378 c-2.552,0-4.622,2.069-4.622,4.622S9.448,16.622,12,16.622s4.622-2.069,4.622-4.622S14.552,7.378,12,7.378z M12,15 c-1.657,0-3-1.343-3-3s1.343-3,3-3s3,1.343,3,3S13.657,15,12,15z M16.804,6.116c-0.596,0-1.08,0.484-1.08,1.08 s0.484,1.08,1.08,1.08c0.596,0,1.08-0.484,1.08-1.08S17.401,6.116,16.804,6.116z\"><\/path><\/svg><span class=\"wp-block-social-link-label screen-reader-text\">Instagram<\/span><\/a><\/li>\n\n<li class=\"wp-social-link wp-social-link-mail  wp-block-social-link\"><a href=\"mailto:&#119;erek&#105;w&#105;pr&#111;d&#117;&#099;&#116;&#105;&#111;n&#115;&#064;gmai&#108;&#046;&#099;&#111;&#109;\" class=\"wp-block-social-link-anchor\"><svg width=\"24\" height=\"24\" viewBox=\"0 0 24 24\" version=\"1.1\" xmlns=\"http:\/\/www.w3.org\/2000\/svg\" aria-hidden=\"true\" focusable=\"false\"><path d=\"M19,5H5c-1.1,0-2,.9-2,2v10c0,1.1.9,2,2,2h14c1.1,0,2-.9,2-2V7c0-1.1-.9-2-2-2zm.5,12c0,.3-.2.5-.5.5H5c-.3,0-.5-.2-.5-.5V9.8l7.5,5.6,7.5-5.6V17zm0-9.1L12,13.6,4.5,7.9V7c0-.3.2-.5.5-.5h14c.3,0,.5.2.5.5v.9z\"><\/path><\/svg><span class=\"wp-block-social-link-label screen-reader-text\">Email<\/span><\/a><\/li><\/ul>\n\n\n\n<p><\/p>\n","protected":false},"excerpt":{"rendered":"<p>Artisciocca, l\u2019artista che ha fondato Werekiwi Productions, descrive le sue splendide opere come [&hellip;]<\/p>\n","protected":false},"author":1,"featured_media":0,"parent":0,"menu_order":0,"comment_status":"closed","ping_status":"closed","template":"","meta":{"footnotes":""},"class_list":["post-113","page","type-page","status-publish","hentry"],"_links":{"self":[{"href":"https:\/\/magicaromagna.it\/index.php\/wp-json\/wp\/v2\/pages\/113","targetHints":{"allow":["GET"]}}],"collection":[{"href":"https:\/\/magicaromagna.it\/index.php\/wp-json\/wp\/v2\/pages"}],"about":[{"href":"https:\/\/magicaromagna.it\/index.php\/wp-json\/wp\/v2\/types\/page"}],"author":[{"embeddable":true,"href":"https:\/\/magicaromagna.it\/index.php\/wp-json\/wp\/v2\/users\/1"}],"replies":[{"embeddable":true,"href":"https:\/\/magicaromagna.it\/index.php\/wp-json\/wp\/v2\/comments?post=113"}],"version-history":[{"count":5,"href":"https:\/\/magicaromagna.it\/index.php\/wp-json\/wp\/v2\/pages\/113\/revisions"}],"predecessor-version":[{"id":325,"href":"https:\/\/magicaromagna.it\/index.php\/wp-json\/wp\/v2\/pages\/113\/revisions\/325"}],"wp:attachment":[{"href":"https:\/\/magicaromagna.it\/index.php\/wp-json\/wp\/v2\/media?parent=113"}],"curies":[{"name":"wp","href":"https:\/\/api.w.org\/{rel}","templated":true}]}}